{"id":1934,"date":"2019-09-27T19:55:39","date_gmt":"2019-09-28T01:55:39","guid":{"rendered":"https:\/\/cepiacostarica.org\/privacy\/"},"modified":"2019-11-20T18:57:32","modified_gmt":"2019-11-21T00:57:32","slug":"privacidad","status":"publish","type":"page","link":"https:\/\/cepiacostarica.org\/es\/privacidad\/","title":{"rendered":"Privacidad"},"content":{"rendered":"<h2> Pol\u00edtica de privacidad de cepiacostarica.org <\/h2>\n<p>Esta pol\u00edtica de privacidad ha sido compilada para servir mejor a aquellos que est\u00e1n preocupados por c\u00f3mo su &#8216;Informaci\u00f3n de identificaci\u00f3n personal&#8217; (PII) se utiliza en l\u00ednea. La PII, como se describe en la ley de privacidad de EE. UU. Y la seguridad de la informaci\u00f3n, es informaci\u00f3n que se puede usar sola o con otra informaci\u00f3n para identificar, contactar o localizar a una sola persona, o para identificar a una persona en contexto. Lea atentamente nuestra pol\u00edtica de privacidad para obtener una comprensi\u00f3n clara de c\u00f3mo recopilamos, usamos, protegemos o manejamos su informaci\u00f3n de identificaci\u00f3n personal de acuerdo con nuestro sitio web.<\/p>\n<h3> \u00bfQu\u00e9 informaci\u00f3n personal recopilamos de las personas que visitan nuestro blog, sitio web o aplicaci\u00f3n? <\/h3>\n<p>Al realizar un pedido o registrarse en nuestro sitio, seg\u00fan corresponda, es posible que se le solicite que ingrese su nombre, direcci\u00f3n de correo electr\u00f3nico, n\u00famero de tel\u00e9fono u otros detalles para ayudarlo con su experiencia.<\/p>\n<h3> \u00bfCu\u00e1ndo recopilamos informaci\u00f3n? <\/h3>\n<p>Recopilamos informaci\u00f3n sobre usted cuando se suscribe a un bolet\u00edn informativo, completa un formulario o ingresa informaci\u00f3n en nuestro sitio.<\/p>\n<h3> \u00bfC\u00f3mo usamos su informaci\u00f3n? <\/h3>\n<p>Podemos utilizar la informaci\u00f3n que recopilamos de usted cuando se registra, realiza una compra, se suscribe a nuestro bolet\u00edn informativo, responde a una encuesta o comunicaci\u00f3n de marketing, navega por el sitio web o utiliza otras caracter\u00edsticas del sitio de las siguientes maneras:<\/p>\n<p>\u2022 Para personalizar su experiencia y permitirnos ofrecer el tipo de contenido y ofertas de productos que m\u00e1s le interesen.<br \/>\n\u2022 Permitirnos brindarle un mejor servicio para responder a sus solicitudes de servicio al cliente.<br \/>\n\u2022 Hacer un seguimiento con ellos despu\u00e9s de la correspondencia (chat en vivo, correo electr\u00f3nico o consultas telef\u00f3nicas)<\/p>\n<h3> \u00bfUsamos &#8216;cookies&#8217;? <\/h3>\n<p>S\u00ed. Las cookies son peque\u00f1os archivos que un sitio o su proveedor de servicios transfiere al disco duro de su computadora a trav\u00e9s de su navegador web (si lo permite) que permite a los sistemas del sitio o del proveedor de servicios reconocer su navegador y capturar y recordar cierta informaci\u00f3n. Por ejemplo, utilizamos cookies para ayudarnos a recordar y procesar los art\u00edculos en su carrito de compras. Tambi\u00e9n se utilizan para ayudarnos a comprender sus preferencias en funci\u00f3n de la actividad anterior o actual del sitio, lo que nos permite brindarle servicios mejorados. Tambi\u00e9n utilizamos cookies para ayudarnos a recopilar datos agregados sobre el tr\u00e1fico del sitio y la interacci\u00f3n del sitio para que podamos ofrecer mejores experiencias y herramientas del sitio en el futuro.<\/p>\n<h3> Utilizamos cookies para: <\/h3>\n<p>\u2022 Comprender y guardar las preferencias del usuario para futuras visitas.<\/p>\n<p>Puede elegir que su computadora le avise cada vez que se env\u00eda una cookie, o puede optar por desactivar todas las cookies. Lo haces a trav\u00e9s de la configuraci\u00f3n de tu navegador. Dado que el navegador es un poco diferente, mire el men\u00fa de ayuda de su navegador para conocer la forma correcta de modificar sus cookies.<\/p>\n<p>Si desactiva las cookies, no afectar\u00e1 la experiencia del usuario.<\/p>\n<h3> Divulgaci\u00f3n de terceros <\/h3>\n<p>No vendemos, intercambiamos ni transferimos a terceros su informaci\u00f3n de identificaci\u00f3n personal.<\/p>\n<h3> Enlaces de terceros <\/h3>\n<p>No incluimos ni ofrecemos productos o servicios de terceros en nuestro sitio web.<\/p>\n<h3> Google <\/h3>\n<p>Los requisitos de publicidad de Google se pueden resumir en los Principios de publicidad de Google. Se implementan para proporcionar una experiencia positiva a los usuarios. https:\/\/support.google.com\/adwordspolicy\/answer\/1316548?hl=en<\/p>\n<p>Hemos implementado lo siguiente:<br \/>\n\u2022 Demograf\u00eda e informes de intereses<\/p>\n<p>Nosotros, junto con proveedores externos como Google, utilizamos cookies de origen (como las cookies de Google Analytics) y cookies de terceros (como la cookie de DoubleClick) u otros identificadores de terceros para recopilar datos sobre las interacciones del usuario con impresiones de anuncios y otras funciones de servicio de anuncios relacionadas con nuestro sitio web.<\/p>\n<h3> Optar por no participar: <\/h3>\n<p>Los usuarios pueden establecer preferencias sobre c\u00f3mo Google le anuncia mediante la p\u00e1gina de configuraci\u00f3n de anuncios de Google. Alternativamente, puede optar por no participar visitando la p\u00e1gina de exclusi\u00f3n de la Iniciativa de Publicidad en Red o utilizando el complemento de exclusi\u00f3n de Google Analytics.<\/p>\n<h3> Ley de protecci\u00f3n de la privacidad en l\u00ednea de California <\/h3>\n<p>CalOPPA es la primera ley estatal en la naci\u00f3n que requiere sitios web comerciales y servicios en l\u00ednea para publicar una pol\u00edtica de privacidad. El alcance de la ley se extiende mucho m\u00e1s all\u00e1 de California para exigir a cualquier persona o empresa en los Estados Unidos (y posiblemente en todo el mundo) que opere sitios web que recopilan informaci\u00f3n de identificaci\u00f3n personal de los consumidores de California que publiquen una pol\u00edtica de privacidad visible en su sitio web que indique exactamente la informaci\u00f3n que se recopila y aquellos individuos o empresas con quienes se comparte. &#8211; Ver m\u00e1s en: http:\/\/consumercal.org\/california-online-privacy-protection-act-caloppa\/#sthash.0FdRbT51.dpuf<\/p>\n<h4> Seg\u00fan CalOPPA, aceptamos lo siguiente: <\/h4>\n<p>Los usuarios pueden visitar nuestro sitio de forma an\u00f3nima.<br \/>\nUna vez que se crea esta pol\u00edtica de privacidad, agregaremos un enlace a ella en nuestra p\u00e1gina de inicio o, como m\u00ednimo, en la primera p\u00e1gina importante despu\u00e9s de ingresar a nuestro sitio web.<br \/>\nNuestro enlace de Pol\u00edtica de privacidad incluye la palabra &#8216;Privacidad&#8217; y se puede encontrar f\u00e1cilmente en la p\u00e1gina especificada anteriormente.<\/p>\n<p>Se le notificar\u00e1 sobre cualquier cambio en la Pol\u00edtica de privacidad:<br \/>\n\u2022 En nuestra p\u00e1gina de pol\u00edtica de privacidad<br \/>\nPuede cambiar su informaci\u00f3n personal:<br \/>\n\u2022 Al iniciar sesi\u00f3n en su cuenta<\/p>\n<h4> \u00bfC\u00f3mo maneja nuestro sitio las se\u00f1ales de No rastrear? <\/h4>\n<p>Respetamos las se\u00f1ales de No rastrear y No rastrear, plantar cookies o usar publicidad cuando existe un mecanismo de navegador No rastrear (DNT).<\/p>\n<p>\u00bfNuestro sitio permite el seguimiento del comportamiento de terceros?<br \/>\nTambi\u00e9n es importante tener en cuenta que no permitimos el seguimiento del comportamiento de terceros<\/p>\n<h3> COPPA (Ley de protecci\u00f3n de la privacidad de los ni\u00f1os en l\u00ednea) <\/h3>\n<p>Cuando se trata de la recopilaci\u00f3n de informaci\u00f3n personal de ni\u00f1os menores de 13 a\u00f1os, la Ley de Protecci\u00f3n de Privacidad en L\u00ednea para Ni\u00f1os (COPPA) pone a los padres en control. La Comisi\u00f3n Federal de Comercio, la agencia de protecci\u00f3n al consumidor de los Estados Unidos, hace cumplir la Regla COPPA, que detalla lo que los operadores de sitios web y servicios en l\u00ednea deben hacer para proteger la privacidad y seguridad de los ni\u00f1os en l\u00ednea.<\/p>\n<p>No comercializamos espec\u00edficamente a ni\u00f1os menores de 13 a\u00f1os.<\/p>\n<h3> Pr\u00e1cticas justas de informaci\u00f3n <\/h3>\n<p>Los Principios de pr\u00e1cticas justas de informaci\u00f3n constituyen la columna vertebral de la ley de privacidad en los Estados Unidos y los conceptos que incluyen han desempe\u00f1ado un papel importante en el desarrollo de leyes de protecci\u00f3n de datos en todo el mundo. Comprender los Principios de la pr\u00e1ctica de informaci\u00f3n justa y c\u00f3mo deben implementarse es fundamental para cumplir con las diversas leyes de privacidad que protegen la informaci\u00f3n personal.<\/p>\n<h4> Para estar en l\u00ednea con las Pr\u00e1cticas de informaci\u00f3n justas, tomaremos las siguientes medidas de respuesta, en caso de que se produzca una violaci\u00f3n de datos: <\/h4>\n<p>Notificaremos a los usuarios a trav\u00e9s de notificaciones en el sitio<br \/>\n\u2022 Dentro de los 7 d\u00edas h\u00e1biles<\/p>\n<p>Tambi\u00e9n aceptamos el Principio de reparaci\u00f3n individual que exige que las personas tengan el derecho de perseguir legalmente derechos exigibles contra los recolectores y procesadores de datos que no cumplan con la ley. Este principio requiere no solo que las personas tengan derechos exigibles contra los usuarios de datos, sino que tambi\u00e9n recurran a los tribunales o agencias gubernamentales para investigar y \/ o enjuiciar el incumplimiento por parte de los procesadores de datos.<\/p>\n<h3> Ley de SPAM CAN <\/h3>\n<p>La Ley CAN-SPAM es una ley que establece las reglas para el correo electr\u00f3nico comercial, establece los requisitos para los mensajes comerciales, otorga a los destinatarios el derecho a que se les detenga el env\u00edo de correos electr\u00f3nicos y establece penas severas por violaciones.<\/p>\n<p><strong> Recopilamos su direcci\u00f3n de correo electr\u00f3nico para: <\/strong><br \/>\n\u2022 Enviar informaci\u00f3n, responder consultas y \/ u otras solicitudes o preguntas<br \/>\n\u2022 Comercialice en nuestra lista de correo o contin\u00fae enviando correos electr\u00f3nicos a nuestros clientes despu\u00e9s de que se haya producido la transacci\u00f3n original.<\/p>\n<p><strong> Para cumplir con CANSPAM, aceptamos lo siguiente: <\/strong><br \/>\n\u2022 No utilizar temas o direcciones de correo electr\u00f3nico falsos o enga\u00f1osos.<br \/>\n\u2022 Identifique el mensaje como un anuncio de alguna manera razonable.<br \/>\n\u2022 Incluir la direcci\u00f3n f\u00edsica de nuestro negocio o sede del sitio.<br \/>\n\u2022 Supervise el cumplimiento de los servicios de marketing por correo electr\u00f3nico de terceros, si se utiliza uno.<br \/>\n\u2022 Honrar las solicitudes de cancelaci\u00f3n \/ cancelaci\u00f3n de suscripci\u00f3n r\u00e1pidamente.<br \/>\n\u2022 Permitir a los usuarios darse de baja utilizando el enlace en la parte inferior de cada correo electr\u00f3nico.<\/p>\n<p><strong> Si en cualquier momento desea darse de baja de recibir correos electr\u00f3nicos futuros, puede enviarnos un correo electr\u00f3nico a <\/strong><br \/>\n\u2022 Siga las instrucciones al final de cada correo electr\u00f3nico.<br \/>\ny lo eliminaremos de inmediato de TODA la correspondencia.<\/p>\n<p><a href=\"https:\/\/cepiacostarica.org\/es\/contacto\/\"> Contactando con nosotros <\/a><\/p>\n<p>Si tiene alguna pregunta con respecto a esta pol\u00edtica de privacidad, puede comunicarse con nosotros utilizando la informaci\u00f3n a continuaci\u00f3n.<\/p>\n<p>cepiacostarica.org<br \/>\n100mts E de la plaza de f\u00fatbol<br \/>\nHuacas, Guanacaste 50309<br \/>\nCosta Rica<br \/>\ncepiacostarica@gmail.com<\/p>\n<h5>\u00daltima edici\u00f3n el 15\/11\/2019<\/h5>\n","protected":false},"excerpt":{"rendered":"<p>Pol\u00edtica de privacidad de cepiacostarica.org Esta pol\u00edtica de privacidad ha sido compilada para servir mejor a aquellos que est\u00e1n preocupados por c\u00f3mo su &#8216;Informaci\u00f3n de identificaci\u00f3n personal&#8217; (PII) se utiliza en l\u00ednea. La PII, como se describe en la ley de privacidad de EE. UU. Y la seguridad de la informaci\u00f3n, es informaci\u00f3n que se<\/p>\n","protected":false},"author":1,"featured_media":0,"parent":0,"menu_order":0,"comment_status":"closed","ping_status":"open","template":"","meta":{"give_campaign_id":0,"footnotes":""},"class_list":["post-1934","page","type-page","status-publish","hentry"],"yoast_head":"<!-- This site is optimized with the Yoast SEO plugin v27.3 - https:\/\/yoast.com\/product\/yoast-seo-wordpress\/ -->\n<title>Archivos de  &#8212; CEPIA Costa Rica<\/title>\n<meta name=\"robots\" content=\"index, follow, max-snippet:-1, max-image-preview:large, max-video-preview:-1\" \/>\n<link rel=\"canonical\" href=\"https:\/\/cepiacostarica.org\/es\/privacidad\/\" \/>\n<meta property=\"og:locale\" content=\"es_ES\" \/>\n<meta property=\"og:type\" content=\"article\" \/>\n<meta property=\"og:title\" content=\"Archivos de  &#8212; CEPIA Costa Rica\" \/>\n<meta property=\"og:description\" content=\"Pol\u00edtica de privacidad de cepiacostarica.org Esta pol\u00edtica de privacidad ha sido compilada para servir mejor a aquellos que est\u00e1n preocupados por c\u00f3mo su &#8216;Informaci\u00f3n de identificaci\u00f3n personal&#8217; (PII) se utiliza en l\u00ednea. La PII, como se describe en la ley de privacidad de EE. UU. Y la seguridad de la informaci\u00f3n, es informaci\u00f3n que se\" \/>\n<meta property=\"og:url\" content=\"https:\/\/cepiacostarica.org\/es\/privacidad\/\" \/>\n<meta property=\"og:site_name\" content=\"CEPIA Costa Rica\" \/>\n<meta property=\"article:publisher\" content=\"https:\/\/www.facebook.com\/cepiacostarica1\/\" \/>\n<meta property=\"article:modified_time\" content=\"2019-11-21T00:57:32+00:00\" \/>\n<meta name=\"twitter:card\" content=\"summary_large_image\" \/>\n<meta name=\"twitter:label1\" content=\"Est. reading time\" \/>\n\t<meta name=\"twitter:data1\" content=\"8 minutos\" \/>\n<script type=\"application\/ld+json\" class=\"yoast-schema-graph\">{\"@context\":\"https:\\\/\\\/schema.org\",\"@graph\":[{\"@type\":\"WebPage\",\"@id\":\"https:\\\/\\\/cepiacostarica.org\\\/es\\\/privacidad\\\/\",\"url\":\"https:\\\/\\\/cepiacostarica.org\\\/es\\\/privacidad\\\/\",\"name\":\"Archivos de &#8212; CEPIA Costa Rica\",\"isPartOf\":{\"@id\":\"https:\\\/\\\/cepiacostarica.org\\\/es\\\/#website\"},\"datePublished\":\"2019-09-28T01:55:39+00:00\",\"dateModified\":\"2019-11-21T00:57:32+00:00\",\"breadcrumb\":{\"@id\":\"https:\\\/\\\/cepiacostarica.org\\\/es\\\/privacidad\\\/#breadcrumb\"},\"inLanguage\":\"es-CR\",\"potentialAction\":[{\"@type\":\"ReadAction\",\"target\":[\"https:\\\/\\\/cepiacostarica.org\\\/es\\\/privacidad\\\/\"]}]},{\"@type\":\"BreadcrumbList\",\"@id\":\"https:\\\/\\\/cepiacostarica.org\\\/es\\\/privacidad\\\/#breadcrumb\",\"itemListElement\":[{\"@type\":\"ListItem\",\"position\":1,\"name\":\"Home\",\"item\":\"https:\\\/\\\/cepiacostarica.org\\\/es\\\/\"},{\"@type\":\"ListItem\",\"position\":2,\"name\":\"Privacidad\"}]},{\"@type\":\"WebSite\",\"@id\":\"https:\\\/\\\/cepiacostarica.org\\\/es\\\/#website\",\"url\":\"https:\\\/\\\/cepiacostarica.org\\\/es\\\/\",\"name\":\"CEPIA Costa Rica\",\"description\":\"S\u00e9 el cambio que quieres ver en el mundo\",\"publisher\":{\"@id\":\"https:\\\/\\\/cepiacostarica.org\\\/es\\\/#organization\"},\"potentialAction\":[{\"@type\":\"SearchAction\",\"target\":{\"@type\":\"EntryPoint\",\"urlTemplate\":\"https:\\\/\\\/cepiacostarica.org\\\/es\\\/?s={search_term_string}\"},\"query-input\":{\"@type\":\"PropertyValueSpecification\",\"valueRequired\":true,\"valueName\":\"search_term_string\"}}],\"inLanguage\":\"es-CR\"},{\"@type\":\"Organization\",\"@id\":\"https:\\\/\\\/cepiacostarica.org\\\/es\\\/#organization\",\"name\":\"Asociacion CEPIA\",\"url\":\"https:\\\/\\\/cepiacostarica.org\\\/es\\\/\",\"logo\":{\"@type\":\"ImageObject\",\"inLanguage\":\"es-CR\",\"@id\":\"https:\\\/\\\/cepiacostarica.org\\\/es\\\/#\\\/schema\\\/logo\\\/image\\\/\",\"url\":\"https:\\\/\\\/cepiacostarica.org\\\/wp-content\\\/uploads\\\/2019\\\/11\\\/logo_PP_CEPIA-png.webp\",\"contentUrl\":\"https:\\\/\\\/cepiacostarica.org\\\/wp-content\\\/uploads\\\/2019\\\/11\\\/logo_PP_CEPIA-png.webp\",\"width\":289,\"height\":94,\"caption\":\"Asociacion CEPIA\"},\"image\":{\"@id\":\"https:\\\/\\\/cepiacostarica.org\\\/es\\\/#\\\/schema\\\/logo\\\/image\\\/\"},\"sameAs\":[\"https:\\\/\\\/www.facebook.com\\\/cepiacostarica1\\\/\",\"https:\\\/\\\/www.instagram.com\\\/cepia_costa_rica\\\/\",\"https:\\\/\\\/www.youtube.com\\\/@CEPIACosta_Rica\"]}]}<\/script>\n<!-- \/ Yoast SEO plugin. -->","yoast_head_json":{"title":"Archivos de  &#8212; CEPIA Costa Rica","robots":{"index":"index","follow":"follow","max-snippet":"max-snippet:-1","max-image-preview":"max-image-preview:large","max-video-preview":"max-video-preview:-1"},"canonical":"https:\/\/cepiacostarica.org\/es\/privacidad\/","og_locale":"es_ES","og_type":"article","og_title":"Archivos de  &#8212; CEPIA Costa Rica","og_description":"Pol\u00edtica de privacidad de cepiacostarica.org Esta pol\u00edtica de privacidad ha sido compilada para servir mejor a aquellos que est\u00e1n preocupados por c\u00f3mo su &#8216;Informaci\u00f3n de identificaci\u00f3n personal&#8217; (PII) se utiliza en l\u00ednea. La PII, como se describe en la ley de privacidad de EE. UU. Y la seguridad de la informaci\u00f3n, es informaci\u00f3n que se","og_url":"https:\/\/cepiacostarica.org\/es\/privacidad\/","og_site_name":"CEPIA Costa Rica","article_publisher":"https:\/\/www.facebook.com\/cepiacostarica1\/","article_modified_time":"2019-11-21T00:57:32+00:00","twitter_card":"summary_large_image","twitter_misc":{"Est. reading time":"8 minutos"},"schema":{"@context":"https:\/\/schema.org","@graph":[{"@type":"WebPage","@id":"https:\/\/cepiacostarica.org\/es\/privacidad\/","url":"https:\/\/cepiacostarica.org\/es\/privacidad\/","name":"Archivos de &#8212; CEPIA Costa Rica","isPartOf":{"@id":"https:\/\/cepiacostarica.org\/es\/#website"},"datePublished":"2019-09-28T01:55:39+00:00","dateModified":"2019-11-21T00:57:32+00:00","breadcrumb":{"@id":"https:\/\/cepiacostarica.org\/es\/privacidad\/#breadcrumb"},"inLanguage":"es-CR","potentialAction":[{"@type":"ReadAction","target":["https:\/\/cepiacostarica.org\/es\/privacidad\/"]}]},{"@type":"BreadcrumbList","@id":"https:\/\/cepiacostarica.org\/es\/privacidad\/#breadcrumb","itemListElement":[{"@type":"ListItem","position":1,"name":"Home","item":"https:\/\/cepiacostarica.org\/es\/"},{"@type":"ListItem","position":2,"name":"Privacidad"}]},{"@type":"WebSite","@id":"https:\/\/cepiacostarica.org\/es\/#website","url":"https:\/\/cepiacostarica.org\/es\/","name":"CEPIA Costa Rica","description":"S\u00e9 el cambio que quieres ver en el mundo","publisher":{"@id":"https:\/\/cepiacostarica.org\/es\/#organization"},"potentialAction":[{"@type":"SearchAction","target":{"@type":"EntryPoint","urlTemplate":"https:\/\/cepiacostarica.org\/es\/?s={search_term_string}"},"query-input":{"@type":"PropertyValueSpecification","valueRequired":true,"valueName":"search_term_string"}}],"inLanguage":"es-CR"},{"@type":"Organization","@id":"https:\/\/cepiacostarica.org\/es\/#organization","name":"Asociacion CEPIA","url":"https:\/\/cepiacostarica.org\/es\/","logo":{"@type":"ImageObject","inLanguage":"es-CR","@id":"https:\/\/cepiacostarica.org\/es\/#\/schema\/logo\/image\/","url":"https:\/\/cepiacostarica.org\/wp-content\/uploads\/2019\/11\/logo_PP_CEPIA-png.webp","contentUrl":"https:\/\/cepiacostarica.org\/wp-content\/uploads\/2019\/11\/logo_PP_CEPIA-png.webp","width":289,"height":94,"caption":"Asociacion CEPIA"},"image":{"@id":"https:\/\/cepiacostarica.org\/es\/#\/schema\/logo\/image\/"},"sameAs":["https:\/\/www.facebook.com\/cepiacostarica1\/","https:\/\/www.instagram.com\/cepia_costa_rica\/","https:\/\/www.youtube.com\/@CEPIACosta_Rica"]}]}},"campaignId":"","_links":{"self":[{"href":"https:\/\/cepiacostarica.org\/es\/wp-json\/wp\/v2\/pages\/1934","targetHints":{"allow":["GET"]}}],"collection":[{"href":"https:\/\/cepiacostarica.org\/es\/wp-json\/wp\/v2\/pages"}],"about":[{"href":"https:\/\/cepiacostarica.org\/es\/wp-json\/wp\/v2\/types\/page"}],"author":[{"embeddable":true,"href":"https:\/\/cepiacostarica.org\/es\/wp-json\/wp\/v2\/users\/1"}],"replies":[{"embeddable":true,"href":"https:\/\/cepiacostarica.org\/es\/wp-json\/wp\/v2\/comments?post=1934"}],"version-history":[{"count":0,"href":"https:\/\/cepiacostarica.org\/es\/wp-json\/wp\/v2\/pages\/1934\/revisions"}],"wp:attachment":[{"href":"https:\/\/cepiacostarica.org\/es\/wp-json\/wp\/v2\/media?parent=1934"}],"curies":[{"name":"wp","href":"https:\/\/api.w.org\/{rel}","templated":true}]}}