{"id":1537,"date":"2017-01-04T12:46:16","date_gmt":"2017-01-04T18:46:16","guid":{"rendered":"https:\/\/cepiacostarica.org\/?page_id=1537"},"modified":"2025-12-01T22:26:47","modified_gmt":"2025-12-02T04:26:47","slug":"programas","status":"publish","type":"page","link":"https:\/\/cepiacostarica.org\/es\/programas\/","title":{"rendered":"Programas"},"content":{"rendered":"","protected":false},"excerpt":{"rendered":"","protected":false},"author":1,"featured_media":0,"parent":0,"menu_order":0,"comment_status":"closed","ping_status":"closed","template":"","meta":{"give_campaign_id":0,"footnotes":""},"class_list":["post-1537","page","type-page","status-publish","hentry"],"yoast_head":"<!-- This site is optimized with the Yoast SEO plugin v27.3 - https:\/\/yoast.com\/product\/yoast-seo-wordpress\/ -->\n<title>Nuestros Programas &#8212; CEPIA Costa Rica<\/title>\n<meta name=\"description\" content=\"CEPIA ayuda a los ni\u00f1os ofreci\u00e9ndoles programas educativos en inform\u00e1tica, lectura, matem\u00e1ticas, ingl\u00e9s, habilidades sociales, deportivas, art\u00edsticas y m\u00e1s.\" \/>\n<meta name=\"robots\" content=\"index, follow, max-snippet:-1, max-image-preview:large, max-video-preview:-1\" \/>\n<link rel=\"canonical\" href=\"https:\/\/cepiacostarica.org\/es\/programas\/\" \/>\n<meta property=\"og:locale\" content=\"es_ES\" \/>\n<meta property=\"og:type\" content=\"article\" \/>\n<meta property=\"og:title\" content=\"Nuestros Programas &#8212; CEPIA Costa Rica\" \/>\n<meta property=\"og:description\" content=\"CEPIA ayuda a los ni\u00f1os ofreci\u00e9ndoles programas educativos en inform\u00e1tica, lectura, matem\u00e1ticas, ingl\u00e9s, habilidades sociales, deportivas, art\u00edsticas y m\u00e1s.\" \/>\n<meta property=\"og:url\" content=\"https:\/\/cepiacostarica.org\/es\/programas\/\" \/>\n<meta property=\"og:site_name\" content=\"CEPIA Costa Rica\" \/>\n<meta property=\"article:publisher\" content=\"https:\/\/www.facebook.com\/cepiacostarica1\/\" \/>\n<meta property=\"article:modified_time\" content=\"2025-12-02T04:26:47+00:00\" \/>\n<meta name=\"twitter:card\" content=\"summary_large_image\" \/>\n<script type=\"application\/ld+json\" class=\"yoast-schema-graph\">{\"@context\":\"https:\\\/\\\/schema.org\",\"@graph\":[{\"@type\":\"WebPage\",\"@id\":\"https:\\\/\\\/cepiacostarica.org\\\/es\\\/programas\\\/\",\"url\":\"https:\\\/\\\/cepiacostarica.org\\\/es\\\/programas\\\/\",\"name\":\"Nuestros Programas &#8212; CEPIA Costa Rica\",\"isPartOf\":{\"@id\":\"https:\\\/\\\/cepiacostarica.org\\\/es\\\/#website\"},\"datePublished\":\"2017-01-04T18:46:16+00:00\",\"dateModified\":\"2025-12-02T04:26:47+00:00\",\"description\":\"CEPIA ayuda a los ni\u00f1os ofreci\u00e9ndoles programas educativos en inform\u00e1tica, lectura, matem\u00e1ticas, ingl\u00e9s, habilidades sociales, deportivas, art\u00edsticas y m\u00e1s.\",\"breadcrumb\":{\"@id\":\"https:\\\/\\\/cepiacostarica.org\\\/es\\\/programas\\\/#breadcrumb\"},\"inLanguage\":\"es-CR\",\"potentialAction\":[{\"@type\":\"ReadAction\",\"target\":[\"https:\\\/\\\/cepiacostarica.org\\\/es\\\/programas\\\/\"]}]},{\"@type\":\"BreadcrumbList\",\"@id\":\"https:\\\/\\\/cepiacostarica.org\\\/es\\\/programas\\\/#breadcrumb\",\"itemListElement\":[{\"@type\":\"ListItem\",\"position\":1,\"name\":\"Home\",\"item\":\"https:\\\/\\\/cepiacostarica.org\\\/es\\\/\"},{\"@type\":\"ListItem\",\"position\":2,\"name\":\"Programas\"}]},{\"@type\":\"WebSite\",\"@id\":\"https:\\\/\\\/cepiacostarica.org\\\/es\\\/#website\",\"url\":\"https:\\\/\\\/cepiacostarica.org\\\/es\\\/\",\"name\":\"CEPIA Costa Rica\",\"description\":\"S\u00e9 el cambio que quieres ver en el mundo\",\"publisher\":{\"@id\":\"https:\\\/\\\/cepiacostarica.org\\\/es\\\/#organization\"},\"potentialAction\":[{\"@type\":\"SearchAction\",\"target\":{\"@type\":\"EntryPoint\",\"urlTemplate\":\"https:\\\/\\\/cepiacostarica.org\\\/es\\\/?s={search_term_string}\"},\"query-input\":{\"@type\":\"PropertyValueSpecification\",\"valueRequired\":true,\"valueName\":\"search_term_string\"}}],\"inLanguage\":\"es-CR\"},{\"@type\":\"Organization\",\"@id\":\"https:\\\/\\\/cepiacostarica.org\\\/es\\\/#organization\",\"name\":\"Asociacion CEPIA\",\"url\":\"https:\\\/\\\/cepiacostarica.org\\\/es\\\/\",\"logo\":{\"@type\":\"ImageObject\",\"inLanguage\":\"es-CR\",\"@id\":\"https:\\\/\\\/cepiacostarica.org\\\/es\\\/#\\\/schema\\\/logo\\\/image\\\/\",\"url\":\"https:\\\/\\\/cepiacostarica.org\\\/wp-content\\\/uploads\\\/2019\\\/11\\\/logo_PP_CEPIA-png.webp\",\"contentUrl\":\"https:\\\/\\\/cepiacostarica.org\\\/wp-content\\\/uploads\\\/2019\\\/11\\\/logo_PP_CEPIA-png.webp\",\"width\":289,\"height\":94,\"caption\":\"Asociacion CEPIA\"},\"image\":{\"@id\":\"https:\\\/\\\/cepiacostarica.org\\\/es\\\/#\\\/schema\\\/logo\\\/image\\\/\"},\"sameAs\":[\"https:\\\/\\\/www.facebook.com\\\/cepiacostarica1\\\/\",\"https:\\\/\\\/www.instagram.com\\\/cepia_costa_rica\\\/\",\"https:\\\/\\\/www.youtube.com\\\/@CEPIACosta_Rica\"]}]}<\/script>\n<!-- \/ Yoast SEO plugin. -->","yoast_head_json":{"title":"Nuestros Programas &#8212; CEPIA Costa Rica","description":"CEPIA ayuda a los ni\u00f1os ofreci\u00e9ndoles programas educativos en inform\u00e1tica, lectura, matem\u00e1ticas, ingl\u00e9s, habilidades sociales, deportivas, art\u00edsticas y m\u00e1s.","robots":{"index":"index","follow":"follow","max-snippet":"max-snippet:-1","max-image-preview":"max-image-preview:large","max-video-preview":"max-video-preview:-1"},"canonical":"https:\/\/cepiacostarica.org\/es\/programas\/","og_locale":"es_ES","og_type":"article","og_title":"Nuestros Programas &#8212; CEPIA Costa Rica","og_description":"CEPIA ayuda a los ni\u00f1os ofreci\u00e9ndoles programas educativos en inform\u00e1tica, lectura, matem\u00e1ticas, ingl\u00e9s, habilidades sociales, deportivas, art\u00edsticas y m\u00e1s.","og_url":"https:\/\/cepiacostarica.org\/es\/programas\/","og_site_name":"CEPIA Costa Rica","article_publisher":"https:\/\/www.facebook.com\/cepiacostarica1\/","article_modified_time":"2025-12-02T04:26:47+00:00","twitter_card":"summary_large_image","schema":{"@context":"https:\/\/schema.org","@graph":[{"@type":"WebPage","@id":"https:\/\/cepiacostarica.org\/es\/programas\/","url":"https:\/\/cepiacostarica.org\/es\/programas\/","name":"Nuestros Programas &#8212; CEPIA Costa Rica","isPartOf":{"@id":"https:\/\/cepiacostarica.org\/es\/#website"},"datePublished":"2017-01-04T18:46:16+00:00","dateModified":"2025-12-02T04:26:47+00:00","description":"CEPIA ayuda a los ni\u00f1os ofreci\u00e9ndoles programas educativos en inform\u00e1tica, lectura, matem\u00e1ticas, ingl\u00e9s, habilidades sociales, deportivas, art\u00edsticas y m\u00e1s.","breadcrumb":{"@id":"https:\/\/cepiacostarica.org\/es\/programas\/#breadcrumb"},"inLanguage":"es-CR","potentialAction":[{"@type":"ReadAction","target":["https:\/\/cepiacostarica.org\/es\/programas\/"]}]},{"@type":"BreadcrumbList","@id":"https:\/\/cepiacostarica.org\/es\/programas\/#breadcrumb","itemListElement":[{"@type":"ListItem","position":1,"name":"Home","item":"https:\/\/cepiacostarica.org\/es\/"},{"@type":"ListItem","position":2,"name":"Programas"}]},{"@type":"WebSite","@id":"https:\/\/cepiacostarica.org\/es\/#website","url":"https:\/\/cepiacostarica.org\/es\/","name":"CEPIA Costa Rica","description":"S\u00e9 el cambio que quieres ver en el mundo","publisher":{"@id":"https:\/\/cepiacostarica.org\/es\/#organization"},"potentialAction":[{"@type":"SearchAction","target":{"@type":"EntryPoint","urlTemplate":"https:\/\/cepiacostarica.org\/es\/?s={search_term_string}"},"query-input":{"@type":"PropertyValueSpecification","valueRequired":true,"valueName":"search_term_string"}}],"inLanguage":"es-CR"},{"@type":"Organization","@id":"https:\/\/cepiacostarica.org\/es\/#organization","name":"Asociacion CEPIA","url":"https:\/\/cepiacostarica.org\/es\/","logo":{"@type":"ImageObject","inLanguage":"es-CR","@id":"https:\/\/cepiacostarica.org\/es\/#\/schema\/logo\/image\/","url":"https:\/\/cepiacostarica.org\/wp-content\/uploads\/2019\/11\/logo_PP_CEPIA-png.webp","contentUrl":"https:\/\/cepiacostarica.org\/wp-content\/uploads\/2019\/11\/logo_PP_CEPIA-png.webp","width":289,"height":94,"caption":"Asociacion CEPIA"},"image":{"@id":"https:\/\/cepiacostarica.org\/es\/#\/schema\/logo\/image\/"},"sameAs":["https:\/\/www.facebook.com\/cepiacostarica1\/","https:\/\/www.instagram.com\/cepia_costa_rica\/","https:\/\/www.youtube.com\/@CEPIACosta_Rica"]}]}},"campaignId":"","_links":{"self":[{"href":"https:\/\/cepiacostarica.org\/es\/wp-json\/wp\/v2\/pages\/1537","targetHints":{"allow":["GET"]}}],"collection":[{"href":"https:\/\/cepiacostarica.org\/es\/wp-json\/wp\/v2\/pages"}],"about":[{"href":"https:\/\/cepiacostarica.org\/es\/wp-json\/wp\/v2\/types\/page"}],"author":[{"embeddable":true,"href":"https:\/\/cepiacostarica.org\/es\/wp-json\/wp\/v2\/users\/1"}],"replies":[{"embeddable":true,"href":"https:\/\/cepiacostarica.org\/es\/wp-json\/wp\/v2\/comments?post=1537"}],"version-history":[{"count":2,"href":"https:\/\/cepiacostarica.org\/es\/wp-json\/wp\/v2\/pages\/1537\/revisions"}],"predecessor-version":[{"id":7971,"href":"https:\/\/cepiacostarica.org\/es\/wp-json\/wp\/v2\/pages\/1537\/revisions\/7971"}],"wp:attachment":[{"href":"https:\/\/cepiacostarica.org\/es\/wp-json\/wp\/v2\/media?parent=1537"}],"curies":[{"name":"wp","href":"https:\/\/api.w.org\/{rel}","templated":true}]}}