{"id":1435,"date":"2016-12-14T10:35:24","date_gmt":"2016-12-14T16:35:24","guid":{"rendered":"https:\/\/cepiacostarica.org\/?page_id=1435"},"modified":"2025-06-30T16:51:58","modified_gmt":"2025-06-30T22:51:58","slug":"inicio","status":"publish","type":"page","link":"https:\/\/cepiacostarica.org\/es\/","title":{"rendered":"Bienvenidos"},"content":{"rendered":"","protected":false},"excerpt":{"rendered":"","protected":false},"author":1,"featured_media":6517,"parent":0,"menu_order":0,"comment_status":"closed","ping_status":"closed","template":"","meta":{"give_campaign_id":0,"footnotes":""},"class_list":["post-1435","page","type-page","status-publish","has-post-thumbnail","hentry"],"yoast_head":"<!-- This site is optimized with the Yoast SEO plugin v27.3 - https:\/\/yoast.com\/product\/yoast-seo-wordpress\/ -->\n<title>CEPIA Costa Rica &#8212; S\u00e9 el cambio que quieres ver en el mundo<\/title>\n<meta name=\"description\" content=\"Asociaci\u00f3n CEPIA Costa Rica promueve la cultura, la salud, el deporte y la educaci\u00f3n a ni\u00f1os y adolescentes de entornos pobres en comunidades de Guanacaste.\" \/>\n<meta name=\"robots\" content=\"index, follow, max-snippet:-1, max-image-preview:large, max-video-preview:-1\" \/>\n<link rel=\"canonical\" href=\"https:\/\/cepiacostarica.org\/es\/\" \/>\n<meta property=\"og:locale\" content=\"es_ES\" \/>\n<meta property=\"og:type\" content=\"article\" \/>\n<meta property=\"og:title\" content=\"CEPIA Costa Rica &#8212; S\u00e9 el cambio que quieres ver en el mundo\" \/>\n<meta property=\"og:description\" content=\"Asociaci\u00f3n CEPIA Costa Rica promueve la cultura, la salud, el deporte y la educaci\u00f3n a ni\u00f1os y adolescentes de entornos pobres en comunidades de Guanacaste.\" \/>\n<meta property=\"og:url\" content=\"https:\/\/cepiacostarica.org\/es\/\" \/>\n<meta property=\"og:site_name\" content=\"CEPIA Costa Rica\" \/>\n<meta property=\"article:publisher\" content=\"https:\/\/www.facebook.com\/cepiacostarica1\/\" \/>\n<meta property=\"article:modified_time\" content=\"2025-06-30T22:51:58+00:00\" \/>\n<meta property=\"og:image\" content=\"https:\/\/cepiacostarica.org\/wp-content\/uploads\/2024\/07\/slide-CEPIA-03.webp\" \/>\n\t<meta property=\"og:image:width\" content=\"1600\" \/>\n\t<meta property=\"og:image:height\" content=\"900\" \/>\n\t<meta property=\"og:image:type\" content=\"image\/jpeg\" \/>\n<meta name=\"twitter:card\" content=\"summary_large_image\" \/>\n<script type=\"application\/ld+json\" class=\"yoast-schema-graph\">{\"@context\":\"https:\\\/\\\/schema.org\",\"@graph\":[{\"@type\":\"WebPage\",\"@id\":\"https:\\\/\\\/cepiacostarica.org\\\/es\\\/\",\"url\":\"https:\\\/\\\/cepiacostarica.org\\\/es\\\/\",\"name\":\"CEPIA Costa Rica &#8212; S\u00e9 el cambio que quieres ver en el mundo\",\"isPartOf\":{\"@id\":\"https:\\\/\\\/cepiacostarica.org\\\/es\\\/#website\"},\"primaryImageOfPage\":{\"@id\":\"https:\\\/\\\/cepiacostarica.org\\\/es\\\/#primaryimage\"},\"image\":{\"@id\":\"https:\\\/\\\/cepiacostarica.org\\\/es\\\/#primaryimage\"},\"thumbnailUrl\":\"https:\\\/\\\/cepiacostarica.org\\\/wp-content\\\/uploads\\\/2024\\\/07\\\/slide-CEPIA-03.webp\",\"datePublished\":\"2016-12-14T16:35:24+00:00\",\"dateModified\":\"2025-06-30T22:51:58+00:00\",\"description\":\"Asociaci\u00f3n CEPIA Costa Rica promueve la cultura, la salud, el deporte y la educaci\u00f3n a ni\u00f1os y adolescentes de entornos pobres en comunidades de Guanacaste.\",\"breadcrumb\":{\"@id\":\"https:\\\/\\\/cepiacostarica.org\\\/es\\\/#breadcrumb\"},\"inLanguage\":\"es-CR\",\"potentialAction\":[{\"@type\":\"ReadAction\",\"target\":[\"https:\\\/\\\/cepiacostarica.org\\\/es\\\/\"]}]},{\"@type\":\"ImageObject\",\"inLanguage\":\"es-CR\",\"@id\":\"https:\\\/\\\/cepiacostarica.org\\\/es\\\/#primaryimage\",\"url\":\"https:\\\/\\\/cepiacostarica.org\\\/wp-content\\\/uploads\\\/2024\\\/07\\\/slide-CEPIA-03.webp\",\"contentUrl\":\"https:\\\/\\\/cepiacostarica.org\\\/wp-content\\\/uploads\\\/2024\\\/07\\\/slide-CEPIA-03.webp\",\"width\":1600,\"height\":900,\"caption\":\"\u00a9 Meredith-Zinner-Photography\"},{\"@type\":\"BreadcrumbList\",\"@id\":\"https:\\\/\\\/cepiacostarica.org\\\/es\\\/#breadcrumb\",\"itemListElement\":[{\"@type\":\"ListItem\",\"position\":1,\"name\":\"Home\",\"item\":\"https:\\\/\\\/cepiacostarica.org\\\/es\\\/\"},{\"@type\":\"ListItem\",\"position\":2,\"name\":\"Bienvenidos\"}]},{\"@type\":\"WebSite\",\"@id\":\"https:\\\/\\\/cepiacostarica.org\\\/es\\\/#website\",\"url\":\"https:\\\/\\\/cepiacostarica.org\\\/es\\\/\",\"name\":\"CEPIA Costa Rica\",\"description\":\"S\u00e9 el cambio que quieres ver en el mundo\",\"publisher\":{\"@id\":\"https:\\\/\\\/cepiacostarica.org\\\/es\\\/#organization\"},\"potentialAction\":[{\"@type\":\"SearchAction\",\"target\":{\"@type\":\"EntryPoint\",\"urlTemplate\":\"https:\\\/\\\/cepiacostarica.org\\\/es\\\/?s={search_term_string}\"},\"query-input\":{\"@type\":\"PropertyValueSpecification\",\"valueRequired\":true,\"valueName\":\"search_term_string\"}}],\"inLanguage\":\"es-CR\"},{\"@type\":\"Organization\",\"@id\":\"https:\\\/\\\/cepiacostarica.org\\\/es\\\/#organization\",\"name\":\"Asociacion CEPIA\",\"url\":\"https:\\\/\\\/cepiacostarica.org\\\/es\\\/\",\"logo\":{\"@type\":\"ImageObject\",\"inLanguage\":\"es-CR\",\"@id\":\"https:\\\/\\\/cepiacostarica.org\\\/es\\\/#\\\/schema\\\/logo\\\/image\\\/\",\"url\":\"https:\\\/\\\/cepiacostarica.org\\\/wp-content\\\/uploads\\\/2019\\\/11\\\/logo_PP_CEPIA-png.webp\",\"contentUrl\":\"https:\\\/\\\/cepiacostarica.org\\\/wp-content\\\/uploads\\\/2019\\\/11\\\/logo_PP_CEPIA-png.webp\",\"width\":289,\"height\":94,\"caption\":\"Asociacion CEPIA\"},\"image\":{\"@id\":\"https:\\\/\\\/cepiacostarica.org\\\/es\\\/#\\\/schema\\\/logo\\\/image\\\/\"},\"sameAs\":[\"https:\\\/\\\/www.facebook.com\\\/cepiacostarica1\\\/\",\"https:\\\/\\\/www.instagram.com\\\/cepia_costa_rica\\\/\",\"https:\\\/\\\/www.youtube.com\\\/@CEPIACosta_Rica\"]}]}<\/script>\n<!-- \/ Yoast SEO plugin. -->","yoast_head_json":{"title":"CEPIA Costa Rica &#8212; S\u00e9 el cambio que quieres ver en el mundo","description":"Asociaci\u00f3n CEPIA Costa Rica promueve la cultura, la salud, el deporte y la educaci\u00f3n a ni\u00f1os y adolescentes de entornos pobres en comunidades de Guanacaste.","robots":{"index":"index","follow":"follow","max-snippet":"max-snippet:-1","max-image-preview":"max-image-preview:large","max-video-preview":"max-video-preview:-1"},"canonical":"https:\/\/cepiacostarica.org\/es\/","og_locale":"es_ES","og_type":"article","og_title":"CEPIA Costa Rica &#8212; S\u00e9 el cambio que quieres ver en el mundo","og_description":"Asociaci\u00f3n CEPIA Costa Rica promueve la cultura, la salud, el deporte y la educaci\u00f3n a ni\u00f1os y adolescentes de entornos pobres en comunidades de Guanacaste.","og_url":"https:\/\/cepiacostarica.org\/es\/","og_site_name":"CEPIA Costa Rica","article_publisher":"https:\/\/www.facebook.com\/cepiacostarica1\/","article_modified_time":"2025-06-30T22:51:58+00:00","og_image":[{"width":1600,"height":900,"url":"https:\/\/cepiacostarica.org\/wp-content\/uploads\/2024\/07\/slide-CEPIA-03.webp","type":"image\/jpeg"}],"twitter_card":"summary_large_image","schema":{"@context":"https:\/\/schema.org","@graph":[{"@type":"WebPage","@id":"https:\/\/cepiacostarica.org\/es\/","url":"https:\/\/cepiacostarica.org\/es\/","name":"CEPIA Costa Rica &#8212; S\u00e9 el cambio que quieres ver en el mundo","isPartOf":{"@id":"https:\/\/cepiacostarica.org\/es\/#website"},"primaryImageOfPage":{"@id":"https:\/\/cepiacostarica.org\/es\/#primaryimage"},"image":{"@id":"https:\/\/cepiacostarica.org\/es\/#primaryimage"},"thumbnailUrl":"https:\/\/cepiacostarica.org\/wp-content\/uploads\/2024\/07\/slide-CEPIA-03.webp","datePublished":"2016-12-14T16:35:24+00:00","dateModified":"2025-06-30T22:51:58+00:00","description":"Asociaci\u00f3n CEPIA Costa Rica promueve la cultura, la salud, el deporte y la educaci\u00f3n a ni\u00f1os y adolescentes de entornos pobres en comunidades de Guanacaste.","breadcrumb":{"@id":"https:\/\/cepiacostarica.org\/es\/#breadcrumb"},"inLanguage":"es-CR","potentialAction":[{"@type":"ReadAction","target":["https:\/\/cepiacostarica.org\/es\/"]}]},{"@type":"ImageObject","inLanguage":"es-CR","@id":"https:\/\/cepiacostarica.org\/es\/#primaryimage","url":"https:\/\/cepiacostarica.org\/wp-content\/uploads\/2024\/07\/slide-CEPIA-03.webp","contentUrl":"https:\/\/cepiacostarica.org\/wp-content\/uploads\/2024\/07\/slide-CEPIA-03.webp","width":1600,"height":900,"caption":"\u00a9 Meredith-Zinner-Photography"},{"@type":"BreadcrumbList","@id":"https:\/\/cepiacostarica.org\/es\/#breadcrumb","itemListElement":[{"@type":"ListItem","position":1,"name":"Home","item":"https:\/\/cepiacostarica.org\/es\/"},{"@type":"ListItem","position":2,"name":"Bienvenidos"}]},{"@type":"WebSite","@id":"https:\/\/cepiacostarica.org\/es\/#website","url":"https:\/\/cepiacostarica.org\/es\/","name":"CEPIA Costa Rica","description":"S\u00e9 el cambio que quieres ver en el mundo","publisher":{"@id":"https:\/\/cepiacostarica.org\/es\/#organization"},"potentialAction":[{"@type":"SearchAction","target":{"@type":"EntryPoint","urlTemplate":"https:\/\/cepiacostarica.org\/es\/?s={search_term_string}"},"query-input":{"@type":"PropertyValueSpecification","valueRequired":true,"valueName":"search_term_string"}}],"inLanguage":"es-CR"},{"@type":"Organization","@id":"https:\/\/cepiacostarica.org\/es\/#organization","name":"Asociacion CEPIA","url":"https:\/\/cepiacostarica.org\/es\/","logo":{"@type":"ImageObject","inLanguage":"es-CR","@id":"https:\/\/cepiacostarica.org\/es\/#\/schema\/logo\/image\/","url":"https:\/\/cepiacostarica.org\/wp-content\/uploads\/2019\/11\/logo_PP_CEPIA-png.webp","contentUrl":"https:\/\/cepiacostarica.org\/wp-content\/uploads\/2019\/11\/logo_PP_CEPIA-png.webp","width":289,"height":94,"caption":"Asociacion CEPIA"},"image":{"@id":"https:\/\/cepiacostarica.org\/es\/#\/schema\/logo\/image\/"},"sameAs":["https:\/\/www.facebook.com\/cepiacostarica1\/","https:\/\/www.instagram.com\/cepia_costa_rica\/","https:\/\/www.youtube.com\/@CEPIACosta_Rica"]}]}},"campaignId":"","_links":{"self":[{"href":"https:\/\/cepiacostarica.org\/es\/wp-json\/wp\/v2\/pages\/1435","targetHints":{"allow":["GET"]}}],"collection":[{"href":"https:\/\/cepiacostarica.org\/es\/wp-json\/wp\/v2\/pages"}],"about":[{"href":"https:\/\/cepiacostarica.org\/es\/wp-json\/wp\/v2\/types\/page"}],"author":[{"embeddable":true,"href":"https:\/\/cepiacostarica.org\/es\/wp-json\/wp\/v2\/users\/1"}],"replies":[{"embeddable":true,"href":"https:\/\/cepiacostarica.org\/es\/wp-json\/wp\/v2\/comments?post=1435"}],"version-history":[{"count":3,"href":"https:\/\/cepiacostarica.org\/es\/wp-json\/wp\/v2\/pages\/1435\/revisions"}],"predecessor-version":[{"id":7576,"href":"https:\/\/cepiacostarica.org\/es\/wp-json\/wp\/v2\/pages\/1435\/revisions\/7576"}],"wp:featuredmedia":[{"embeddable":true,"href":"https:\/\/cepiacostarica.org\/es\/wp-json\/wp\/v2\/media\/6517"}],"wp:attachment":[{"href":"https:\/\/cepiacostarica.org\/es\/wp-json\/wp\/v2\/media?parent=1435"}],"curies":[{"name":"wp","href":"https:\/\/api.w.org\/{rel}","templated":true}]}}